{"id":3295,"date":"2024-02-09T11:53:03","date_gmt":"2024-02-09T10:53:03","guid":{"rendered":"https:\/\/webnova.casaros.es\/politica-de-cookies\/"},"modified":"2024-02-09T11:53:03","modified_gmt":"2024-02-09T10:53:03","slug":"politica-de-cookies","status":"publish","type":"page","link":"https:\/\/www.casaros.es\/fr\/politica-de-cookies\/","title":{"rendered":"Pol\u00edtica de Cookies"},"content":{"rendered":"<div style=\"text-align: justify;\">\n<h2><strong>POL\u00cdTICA DE COOKIES<\/strong><\/h2>\n<p>Aquesta p\u00e0gina web utilitza cookies per a millorar l\u2019experi\u00e8ncia de l\u2019usuari. A continuaci\u00f3, trobar\u00e0 informaci\u00f3 sobre que s\u00f3n les cookies, quin tipus de cookies utilitza aquesta p\u00e0gina, com pot desactivar les cookies en el seu navegador i com desactivar espec\u00edficament la instal\u00b7laci\u00f3 de cookies de tercers. Si no troba la informaci\u00f3 espec\u00edfica que est\u00e0 buscant, si us plau envi\u00ef un correu a <b>info@casaros.es<\/b>.<\/p>\n<h3><strong>Qu\u00e8 s\u00f3n les cookies?<\/strong><\/h3>\n<p>Les cookies s\u00f3n \u00fatils per diversos motius. Des d\u2019un punt de vista t\u00e8cnic, permeten que les p\u00e0gines web funcionin de forma m\u00e9s \u00e0gil i adaptada a les seves prefer\u00e8ncies, com per exemple emmagatzemar el seu idioma o la moneda del seu pa\u00eds. A m\u00e9s, ajuden als responsables dels llocs web a millorar els serveis que ofereixen, gr\u00e0cies a la informaci\u00f3 estad\u00edstica que recullen a trav\u00e9s d\u2019elles i serveixen per fer m\u00e9s eficient la publicitat que li podem mostrar.<\/p>\n<h3><strong>Quin \u00fas li donem als diferents tipus de cookies?<\/strong><\/h3>\n<p><strong>Cookies de sessi\u00f3:<\/strong> Les cookies de sessi\u00f3 s\u00f3n aquelles que duren el temps que l&rsquo;usuari est\u00e0 navegant per la p\u00e0gina web i s&rsquo;esborren al finalitzar.<\/p>\n<p><strong>Cookies persistents:<\/strong> Aquestes cookies queden emmagatzemades al terminal de l&rsquo;usuari, per un temps m\u00e9s llarg, facilitant aix\u00ed el control de les prefer\u00e8ncies escollides sense haver de repetir certs par\u00e0metres cada vegada que es visiti el lloc web.<\/p>\n<p><strong>Cookies pr\u00f2pies:<\/strong> S\u00f3n cookies creades pel lloc web i que nom\u00e9s pot llegir la pr\u00f2pia p\u00e0gina. Per exemple: cookies t\u00e8cniques per la c\u00e0rrega d\u2019imatges, cookies de personalitzaci\u00f3 de par\u00e0metres de la web, cookies d\u2019an\u00e0lisis de tr\u00e0fic, etc.<\/p>\n<p><strong>Cookies de tercers:<\/strong> S\u00f3n cookies creades per tercers i que utilitzem per diferents serveis (per ex. An\u00e0lisis del lloc web o publicitat).<\/p>\n<p>Segons la seva finalitat:<\/p>\n<p><strong>Cookies t\u00e8cniques:<\/strong> Les cookies t\u00e8cniques s\u00f3n aquelles imprescindibles i estrictament necess\u00e0ries per al correcte funcionament d&rsquo;un portal web i la utilitzaci\u00f3 de les diferents opcions i serveis que ofereix. Per exemple, les que serveixen per al manteniment de la sessi\u00f3, la gesti\u00f3 del temps de resposta, rendiment o validaci\u00f3 d&rsquo;opcions, utilitzar elements de seguretat, compartir contingut en xarxes socials, etc.<\/p>\n<p><strong>Cookies de personalitzaci\u00f3:<\/strong> Aquestes cookies permeten a l&rsquo;usuari especificar o personalitzar algunes caracter\u00edstiques de les opcions generals de la p\u00e0gina web, per exemple, definir l&rsquo;idioma, configuraci\u00f3 regional o tipus de navegador.<\/p>\n<p><strong>Cookies anal\u00edtiques:<\/strong> Les cookies anal\u00edtiques s\u00f3n les utilitzades pel nostre portal web, per elaborar perfils de navegaci\u00f3 i poder con\u00e8ixer les prefer\u00e8ncies dels usuaris del mateix per tal de millorar l&rsquo;oferta de productes i serveis. Per exemple, mitjan\u00e7ant una cookie anal\u00edtica es controlarien les \u00e0rees geogr\u00e0fiques de major inter\u00e8s d&rsquo;un usuari, quin \u00e9s el producte de m\u00e9s acceptaci\u00f3, etc.<\/p>\n<p><strong>Cookies publicit\u00e0ries:<\/strong> Les cookies publicit\u00e0ries permeten la gesti\u00f3 dels espais publicitaris en base a criteris concrets. Per exemple la freq\u00fc\u00e8ncia d&rsquo;acc\u00e9s, el contingut editat, etc.Les cookies de publicitat permeten a trav\u00e9s de la gesti\u00f3 de la publicitat emmagatzemar informaci\u00f3 del comportament a trav\u00e9s de l&rsquo;observaci\u00f3 d&rsquo;h\u00e0bits, estudiant els accessos i formant un perfil de prefer\u00e8ncies de l&rsquo;usuari, per oferir publicitat relacionada amb els interessos del seu perfil.\n<\/div>\n","protected":false},"excerpt":{"rendered":"<p>POL\u00cdTICA DE COOKIES Aquesta p\u00e0gina web utilitza cookies per a millorar l\u2019experi\u00e8ncia de l\u2019usuari. A continuaci\u00f3, trobar\u00e0 informaci\u00f3 sobre que [&hellip;]<\/p>\n","protected":false},"author":1,"featured_media":0,"parent":0,"menu_order":0,"comment_status":"closed","ping_status":"closed","template":"","meta":{"footnotes":""},"class_list":["post-3295","page","type-page","status-publish","hentry"],"yoast_head":"<!-- This site is optimized with the Yoast SEO plugin v24.7 - https:\/\/yoast.com\/wordpress\/plugins\/seo\/ -->\n<title>Pol\u00edtica de Cookies - Casa Ros<\/title>\n<meta name=\"robots\" content=\"index, follow, max-snippet:-1, max-image-preview:large, max-video-preview:-1\" \/>\n<link rel=\"canonical\" href=\"https:\/\/www.casaros.es\/politica-de-cookies\/\" \/>\n<meta property=\"og:locale\" content=\"fr_FR\" \/>\n<meta property=\"og:type\" content=\"article\" \/>\n<meta property=\"og:title\" content=\"Pol\u00edtica de Cookies - Casa Ros\" \/>\n<meta property=\"og:description\" content=\"POL\u00cdTICA DE COOKIES Aquesta p\u00e0gina web utilitza cookies per a millorar l\u2019experi\u00e8ncia de l\u2019usuari. A continuaci\u00f3, trobar\u00e0 informaci\u00f3 sobre que [&hellip;]\" \/>\n<meta property=\"og:url\" content=\"https:\/\/www.casaros.es\/politica-de-cookies\/\" \/>\n<meta property=\"og:site_name\" content=\"Casa Ros\" \/>\n<meta name=\"twitter:card\" content=\"summary_large_image\" \/>\n<meta name=\"twitter:label1\" content=\"Dur\u00e9e de lecture estim\u00e9e\" \/>\n\t<meta name=\"twitter:data1\" content=\"3 minutes\" \/>\n<script type=\"application\/ld+json\" class=\"yoast-schema-graph\">{\"@context\":\"https:\/\/schema.org\",\"@graph\":[{\"@type\":\"WebPage\",\"@id\":\"https:\/\/www.casaros.es\/politica-de-cookies\/\",\"url\":\"https:\/\/www.casaros.es\/politica-de-cookies\/\",\"name\":\"Pol\u00edtica de Cookies - Casa Ros\",\"isPartOf\":{\"@id\":\"https:\/\/www.casaros.es\/es\/#website\"},\"datePublished\":\"2024-02-09T10:53:03+00:00\",\"breadcrumb\":{\"@id\":\"https:\/\/www.casaros.es\/politica-de-cookies\/#breadcrumb\"},\"inLanguage\":\"fr-FR\",\"potentialAction\":[{\"@type\":\"ReadAction\",\"target\":[\"https:\/\/www.casaros.es\/politica-de-cookies\/\"]}]},{\"@type\":\"BreadcrumbList\",\"@id\":\"https:\/\/www.casaros.es\/politica-de-cookies\/#breadcrumb\",\"itemListElement\":[{\"@type\":\"ListItem\",\"position\":1,\"name\":\"Inici\",\"item\":\"https:\/\/www.casaros.es\/fr\/\"},{\"@type\":\"ListItem\",\"position\":2,\"name\":\"Pol\u00edtica de Cookies\"}]},{\"@type\":\"WebSite\",\"@id\":\"https:\/\/www.casaros.es\/es\/#website\",\"url\":\"https:\/\/www.casaros.es\/es\/\",\"name\":\"Casa Ros\",\"description\":\"Fruits Secs\",\"potentialAction\":[{\"@type\":\"SearchAction\",\"target\":{\"@type\":\"EntryPoint\",\"urlTemplate\":\"https:\/\/www.casaros.es\/es\/?s={search_term_string}\"},\"query-input\":{\"@type\":\"PropertyValueSpecification\",\"valueRequired\":true,\"valueName\":\"search_term_string\"}}],\"inLanguage\":\"fr-FR\"}]}<\/script>\n<!-- \/ Yoast SEO plugin. -->","yoast_head_json":{"title":"Pol\u00edtica de Cookies - Casa Ros","robots":{"index":"index","follow":"follow","max-snippet":"max-snippet:-1","max-image-preview":"max-image-preview:large","max-video-preview":"max-video-preview:-1"},"canonical":"https:\/\/www.casaros.es\/politica-de-cookies\/","og_locale":"fr_FR","og_type":"article","og_title":"Pol\u00edtica de Cookies - Casa Ros","og_description":"POL\u00cdTICA DE COOKIES Aquesta p\u00e0gina web utilitza cookies per a millorar l\u2019experi\u00e8ncia de l\u2019usuari. A continuaci\u00f3, trobar\u00e0 informaci\u00f3 sobre que [&hellip;]","og_url":"https:\/\/www.casaros.es\/politica-de-cookies\/","og_site_name":"Casa Ros","twitter_card":"summary_large_image","twitter_misc":{"Dur\u00e9e de lecture estim\u00e9e":"3 minutes"},"schema":{"@context":"https:\/\/schema.org","@graph":[{"@type":"WebPage","@id":"https:\/\/www.casaros.es\/politica-de-cookies\/","url":"https:\/\/www.casaros.es\/politica-de-cookies\/","name":"Pol\u00edtica de Cookies - Casa Ros","isPartOf":{"@id":"https:\/\/www.casaros.es\/es\/#website"},"datePublished":"2024-02-09T10:53:03+00:00","breadcrumb":{"@id":"https:\/\/www.casaros.es\/politica-de-cookies\/#breadcrumb"},"inLanguage":"fr-FR","potentialAction":[{"@type":"ReadAction","target":["https:\/\/www.casaros.es\/politica-de-cookies\/"]}]},{"@type":"BreadcrumbList","@id":"https:\/\/www.casaros.es\/politica-de-cookies\/#breadcrumb","itemListElement":[{"@type":"ListItem","position":1,"name":"Inici","item":"https:\/\/www.casaros.es\/fr\/"},{"@type":"ListItem","position":2,"name":"Pol\u00edtica de Cookies"}]},{"@type":"WebSite","@id":"https:\/\/www.casaros.es\/es\/#website","url":"https:\/\/www.casaros.es\/es\/","name":"Casa Ros","description":"Fruits Secs","potentialAction":[{"@type":"SearchAction","target":{"@type":"EntryPoint","urlTemplate":"https:\/\/www.casaros.es\/es\/?s={search_term_string}"},"query-input":{"@type":"PropertyValueSpecification","valueRequired":true,"valueName":"search_term_string"}}],"inLanguage":"fr-FR"}]}},"_links":{"self":[{"href":"https:\/\/www.casaros.es\/fr\/wp-json\/wp\/v2\/pages\/3295","targetHints":{"allow":["GET"]}}],"collection":[{"href":"https:\/\/www.casaros.es\/fr\/wp-json\/wp\/v2\/pages"}],"about":[{"href":"https:\/\/www.casaros.es\/fr\/wp-json\/wp\/v2\/types\/page"}],"author":[{"embeddable":true,"href":"https:\/\/www.casaros.es\/fr\/wp-json\/wp\/v2\/users\/1"}],"replies":[{"embeddable":true,"href":"https:\/\/www.casaros.es\/fr\/wp-json\/wp\/v2\/comments?post=3295"}],"version-history":[{"count":0,"href":"https:\/\/www.casaros.es\/fr\/wp-json\/wp\/v2\/pages\/3295\/revisions"}],"wp:attachment":[{"href":"https:\/\/www.casaros.es\/fr\/wp-json\/wp\/v2\/media?parent=3295"}],"curies":[{"name":"wp","href":"https:\/\/api.w.org\/{rel}","templated":true}]}}