{"id":3298,"date":"2024-02-09T12:02:01","date_gmt":"2024-02-09T11:02:01","guid":{"rendered":"https:\/\/webnova.casaros.es\/metodes-de-pagament\/"},"modified":"2024-02-23T11:46:05","modified_gmt":"2024-02-23T10:46:05","slug":"metodes-de-pagament","status":"publish","type":"page","link":"https:\/\/www.casaros.es\/fr\/metodes-de-pagament\/","title":{"rendered":"M\u00e8todes de Pagament"},"content":{"rendered":"<div class=\"fusion-row\" style=\"\">\n<section id=\"content\" style=\"width: 100%;\">\n<div id=\"post-3299\" class=\"post-3299 page type-page status-publish hentry\">\n\t\t\t<span class=\"entry-title rich-snippet-hidden\"><font style=\"vertical-align: inherit;\"><font style=\"vertical-align: inherit;\">m\u00e9thodes de payement<\/font><\/font><\/span><span class=\"vcard rich-snippet-hidden\"><span class=\"fn\"><a href=\"https:\/\/webnova.casaros.es\/es\/author\/usuari_nmfqgn0d\/?v=86705f2ce7e9\" title=\"entr\u00e9es d'administrateur\" rel=\"author\"><font style=\"vertical-align: inherit;\"><font style=\"vertical-align: inherit;\">administrateur<\/font><\/font><\/a><\/span><\/span><span class=\"updated rich-snippet-hidden\"><font style=\"vertical-align: inherit;\"><font style=\"vertical-align: inherit;\">2024-02-23T11:44:19+01:00<\/font><\/font><\/span><\/p>\n<div class=\"post-content\">\n<div>\n<h2 style=\"text-align: center; --fontSize: 50; line-height: 1.28;\" data-fontsize=\"50\" data-lineheight=\"64px\" class=\"fusion-responsive-typography-calculated\"><font style=\"vertical-align: inherit;\"><font style=\"vertical-align: inherit;\">MODE DE PAIEMENT S\u00c9CURIS\u00c9.<\/font><\/font><\/h2>\n<\/div>\n<div style=\"text-align: left\">\n<p><font style=\"vertical-align: inherit;\"><font style=\"vertical-align: inherit;\">Les paiements des commandes peuvent \u00eatre effectu\u00e9s par carte de cr\u00e9dit ou de d\u00e9bit via <\/font><\/font><b><font style=\"vertical-align: inherit;\"><font style=\"vertical-align: inherit;\">Visa, Mastercard<\/font><\/font><\/b><font style=\"vertical-align: inherit;\"><font style=\"vertical-align: inherit;\"> .<\/font><\/font><\/p>\n<h3 data-fontsize=\"25\" style=\"--fontSize: 25; line-height: 1.36;\" data-lineheight=\"34px\" class=\"fusion-responsive-typography-calculated\"><font style=\"vertical-align: inherit;\"><font style=\"vertical-align: inherit;\">Confidentialit\u00e9 et s\u00e9curit\u00e9<\/font><\/font><\/h3>\n<p><font style=\"vertical-align: inherit;\"><font style=\"vertical-align: inherit;\">Confidentialit\u00e9 et s\u00e9curit\u00e9 <\/font><\/font><b><font style=\"vertical-align: inherit;\"><font style=\"vertical-align: inherit;\">Visa, Mastercard<\/font><\/font><\/b><font style=\"vertical-align: inherit;\"><font style=\"vertical-align: inherit;\"> , constituent un moyen fiable, s\u00e9curis\u00e9 et rapide d&rsquo;effectuer des paiements en ligne. <\/font><font style=\"vertical-align: inherit;\">En effet, \u00e9tant donn\u00e9 que <\/font><\/font><b><font style=\"vertical-align: inherit;\"><font style=\"vertical-align: inherit;\">Visa et Mastercard<\/font><\/font><\/b><font style=\"vertical-align: inherit;\"><font style=\"vertical-align: inherit;\"> effectuent les paiements directement \u00e0 nos clients, <\/font><\/font><b><font style=\"vertical-align: inherit;\"><font style=\"vertical-align: inherit;\">Josep Mirada Cortasa<\/font><\/font><\/b><font style=\"vertical-align: inherit;\"><font style=\"vertical-align: inherit;\"> n&rsquo;aura pas acc\u00e8s aux coordonn\u00e9es bancaires de ces derniers. <\/font><\/font><br \/><font style=\"vertical-align: inherit;\"><font style=\"vertical-align: inherit;\"><br \/>\nNous avons contract\u00e9 le certificat SSL, qui prot\u00e8ge la confidentialit\u00e9 de l&rsquo;utilisateur lors de sa navigation ou de ses achats sur le Web. <\/font><\/font><br \/><font style=\"vertical-align: inherit;\"><font style=\"vertical-align: inherit;\"><br \/>\nPour plus d\u2019informations, consultez notre <\/font><\/font><a href=\"\/es\/LINK\/politica-de-privadesa\/?v=86705f2ce7e9\"><font style=\"vertical-align: inherit;\"><font style=\"vertical-align: inherit;\">politique de confidentialit\u00e9. <\/font><\/font><\/a><font style=\"vertical-align: inherit;\"><font style=\"vertical-align: inherit;\">et notre <\/font><\/font><a href=\"\/es\/LINK\/politica-de-cookies\/?v=86705f2ce7e9\"><font style=\"vertical-align: inherit;\"><font style=\"vertical-align: inherit;\">politique en mati\u00e8re de cookies<\/font><\/font><\/a><font style=\"vertical-align: inherit;\"><font style=\"vertical-align: inherit;\"> .<\/font><\/font><\/p>\n<\/div><\/div>\n<\/p><\/div>\n<\/section>\n<div class=\"fusion-woocommerce-quick-view-overlay\"><\/div>\n<div class=\"fusion-woocommerce-quick-view-container quick-view woocommerce\">\n\t<script type=\"text\/javascript\">\n\t\tvar quickViewNonce =  'ad4de8ea94';\n\t<\/script><\/p>\n<div class=\"fusion-wqv-close\">\n\t\t<button type=\"button\"><span class=\"screen-reader-text\"><font style=\"vertical-align: inherit;\"><font style=\"vertical-align: inherit;\">Fermer l&rsquo;aper\u00e7u rapide du produit<\/font><\/font><\/span><font style=\"vertical-align: inherit;\"><font style=\"vertical-align: inherit;\">\u00d7<\/font><\/font><\/button>\n\t<\/div>\n<div class=\"fusion-wqv-loader product\">\n<h2 class=\"product_title entry-title fusion-responsive-typography-calculated\" data-fontsize=\"24\" style=\"--fontSize: 24; line-height: 1.5;\" data-lineheight=\"36px\"><font style=\"vertical-align: inherit;\"><font style=\"vertical-align: inherit;\">Qualification<\/font><\/font><\/h2>\n<div class=\"fusion-price-rating\">\n<div class=\"price\"><\/div>\n<div class=\"star-rating\"><\/div>\n<\/p><\/div>\n<div class=\"fusion-slider-loading\"><\/div>\n<\/p><\/div>\n<div class=\"fusion-wqv-preview-image\"><\/div>\n<div class=\"fusion-wqv-content\">\n<div class=\"product\">\n<div class=\"woocommerce-product-gallery\"><\/div>\n<div class=\"summary entry-summary scrollable\">\n<div class=\"summary-content\"><\/div>\n<\/p><\/div>\n<\/p><\/div>\n<\/p><\/div>\n<\/div><\/div>\n","protected":false},"excerpt":{"rendered":"<p>m\u00e9thodes de payementadministrateur2024-02-23T11:44:19+01:00 MODE DE PAIEMENT S\u00c9CURIS\u00c9. Les paiements des commandes peuvent \u00eatre effectu\u00e9s par carte de cr\u00e9dit ou de [&hellip;]<\/p>\n","protected":false},"author":1,"featured_media":0,"parent":0,"menu_order":0,"comment_status":"closed","ping_status":"closed","template":"","meta":{"footnotes":""},"class_list":["post-3298","page","type-page","status-publish","hentry"],"yoast_head":"<!-- This site is optimized with the Yoast SEO plugin v24.7 - https:\/\/yoast.com\/wordpress\/plugins\/seo\/ -->\n<title>M\u00e8todes de Pagament - Casa Ros<\/title>\n<meta name=\"robots\" content=\"index, follow, max-snippet:-1, max-image-preview:large, max-video-preview:-1\" \/>\n<link rel=\"canonical\" href=\"https:\/\/www.casaros.es\/metodes-de-pagament\/\" \/>\n<meta property=\"og:locale\" content=\"fr_FR\" \/>\n<meta property=\"og:type\" content=\"article\" \/>\n<meta property=\"og:title\" content=\"M\u00e8todes de Pagament - Casa Ros\" \/>\n<meta property=\"og:description\" content=\"m\u00e9thodes de payementadministrateur2024-02-23T11:44:19+01:00 MODE DE PAIEMENT S\u00c9CURIS\u00c9. Les paiements des commandes peuvent \u00eatre effectu\u00e9s par carte de cr\u00e9dit ou de [&hellip;]\" \/>\n<meta property=\"og:url\" content=\"https:\/\/www.casaros.es\/metodes-de-pagament\/\" \/>\n<meta property=\"og:site_name\" content=\"Casa Ros\" \/>\n<meta property=\"article:modified_time\" content=\"2024-02-23T10:46:05+00:00\" \/>\n<meta name=\"twitter:card\" content=\"summary_large_image\" \/>\n<meta name=\"twitter:label1\" content=\"Dur\u00e9e de lecture estim\u00e9e\" \/>\n\t<meta name=\"twitter:data1\" content=\"1 minute\" \/>\n<script type=\"application\/ld+json\" class=\"yoast-schema-graph\">{\"@context\":\"https:\/\/schema.org\",\"@graph\":[{\"@type\":\"WebPage\",\"@id\":\"https:\/\/www.casaros.es\/metodes-de-pagament\/\",\"url\":\"https:\/\/www.casaros.es\/metodes-de-pagament\/\",\"name\":\"M\u00e8todes de Pagament - Casa Ros\",\"isPartOf\":{\"@id\":\"https:\/\/www.casaros.es\/es\/#website\"},\"datePublished\":\"2024-02-09T11:02:01+00:00\",\"dateModified\":\"2024-02-23T10:46:05+00:00\",\"breadcrumb\":{\"@id\":\"https:\/\/www.casaros.es\/metodes-de-pagament\/#breadcrumb\"},\"inLanguage\":\"fr-FR\",\"potentialAction\":[{\"@type\":\"ReadAction\",\"target\":[\"https:\/\/www.casaros.es\/metodes-de-pagament\/\"]}]},{\"@type\":\"BreadcrumbList\",\"@id\":\"https:\/\/www.casaros.es\/metodes-de-pagament\/#breadcrumb\",\"itemListElement\":[{\"@type\":\"ListItem\",\"position\":1,\"name\":\"Inici\",\"item\":\"https:\/\/www.casaros.es\/fr\/\"},{\"@type\":\"ListItem\",\"position\":2,\"name\":\"M\u00e8todes de Pagament\"}]},{\"@type\":\"WebSite\",\"@id\":\"https:\/\/www.casaros.es\/es\/#website\",\"url\":\"https:\/\/www.casaros.es\/es\/\",\"name\":\"Casa Ros\",\"description\":\"Fruits Secs\",\"potentialAction\":[{\"@type\":\"SearchAction\",\"target\":{\"@type\":\"EntryPoint\",\"urlTemplate\":\"https:\/\/www.casaros.es\/es\/?s={search_term_string}\"},\"query-input\":{\"@type\":\"PropertyValueSpecification\",\"valueRequired\":true,\"valueName\":\"search_term_string\"}}],\"inLanguage\":\"fr-FR\"}]}<\/script>\n<!-- \/ Yoast SEO plugin. -->","yoast_head_json":{"title":"M\u00e8todes de Pagament - Casa Ros","robots":{"index":"index","follow":"follow","max-snippet":"max-snippet:-1","max-image-preview":"max-image-preview:large","max-video-preview":"max-video-preview:-1"},"canonical":"https:\/\/www.casaros.es\/metodes-de-pagament\/","og_locale":"fr_FR","og_type":"article","og_title":"M\u00e8todes de Pagament - Casa Ros","og_description":"m\u00e9thodes de payementadministrateur2024-02-23T11:44:19+01:00 MODE DE PAIEMENT S\u00c9CURIS\u00c9. Les paiements des commandes peuvent \u00eatre effectu\u00e9s par carte de cr\u00e9dit ou de [&hellip;]","og_url":"https:\/\/www.casaros.es\/metodes-de-pagament\/","og_site_name":"Casa Ros","article_modified_time":"2024-02-23T10:46:05+00:00","twitter_card":"summary_large_image","twitter_misc":{"Dur\u00e9e de lecture estim\u00e9e":"1 minute"},"schema":{"@context":"https:\/\/schema.org","@graph":[{"@type":"WebPage","@id":"https:\/\/www.casaros.es\/metodes-de-pagament\/","url":"https:\/\/www.casaros.es\/metodes-de-pagament\/","name":"M\u00e8todes de Pagament - Casa Ros","isPartOf":{"@id":"https:\/\/www.casaros.es\/es\/#website"},"datePublished":"2024-02-09T11:02:01+00:00","dateModified":"2024-02-23T10:46:05+00:00","breadcrumb":{"@id":"https:\/\/www.casaros.es\/metodes-de-pagament\/#breadcrumb"},"inLanguage":"fr-FR","potentialAction":[{"@type":"ReadAction","target":["https:\/\/www.casaros.es\/metodes-de-pagament\/"]}]},{"@type":"BreadcrumbList","@id":"https:\/\/www.casaros.es\/metodes-de-pagament\/#breadcrumb","itemListElement":[{"@type":"ListItem","position":1,"name":"Inici","item":"https:\/\/www.casaros.es\/fr\/"},{"@type":"ListItem","position":2,"name":"M\u00e8todes de Pagament"}]},{"@type":"WebSite","@id":"https:\/\/www.casaros.es\/es\/#website","url":"https:\/\/www.casaros.es\/es\/","name":"Casa Ros","description":"Fruits Secs","potentialAction":[{"@type":"SearchAction","target":{"@type":"EntryPoint","urlTemplate":"https:\/\/www.casaros.es\/es\/?s={search_term_string}"},"query-input":{"@type":"PropertyValueSpecification","valueRequired":true,"valueName":"search_term_string"}}],"inLanguage":"fr-FR"}]}},"_links":{"self":[{"href":"https:\/\/www.casaros.es\/fr\/wp-json\/wp\/v2\/pages\/3298","targetHints":{"allow":["GET"]}}],"collection":[{"href":"https:\/\/www.casaros.es\/fr\/wp-json\/wp\/v2\/pages"}],"about":[{"href":"https:\/\/www.casaros.es\/fr\/wp-json\/wp\/v2\/types\/page"}],"author":[{"embeddable":true,"href":"https:\/\/www.casaros.es\/fr\/wp-json\/wp\/v2\/users\/1"}],"replies":[{"embeddable":true,"href":"https:\/\/www.casaros.es\/fr\/wp-json\/wp\/v2\/comments?post=3298"}],"version-history":[{"count":1,"href":"https:\/\/www.casaros.es\/fr\/wp-json\/wp\/v2\/pages\/3298\/revisions"}],"predecessor-version":[{"id":3301,"href":"https:\/\/www.casaros.es\/fr\/wp-json\/wp\/v2\/pages\/3298\/revisions\/3301"}],"wp:attachment":[{"href":"https:\/\/www.casaros.es\/fr\/wp-json\/wp\/v2\/media?parent=3298"}],"curies":[{"name":"wp","href":"https:\/\/api.w.org\/{rel}","templated":true}]}}