{"id":3302,"date":"2024-02-09T11:55:43","date_gmt":"2024-02-09T10:55:43","guid":{"rendered":"https:\/\/webnova.casaros.es\/reembolso_devoluciones\/"},"modified":"2024-02-23T11:51:38","modified_gmt":"2024-02-23T10:51:38","slug":"reembolso_devoluciones","status":"publish","type":"page","link":"https:\/\/www.casaros.es\/fr\/reembolso_devoluciones\/","title":{"rendered":"Pol\u00edtica d&rsquo;enviaments i devolucions"},"content":{"rendered":"<div class=\"fusion-row\">\n<section id=\"content\" style=\"width: 100%;\">\n<div id=\"post-3303\" class=\"post-3303 page type-page status-publish hentry\"><span class=\"entry-title rich-snippet-hidden\"><span style=\"vertical-align: inherit;\"><span style=\"vertical-align: inherit;\">Politique d&rsquo;exp\u00e9dition et de retour<\/span><\/span><\/span><span class=\"vcard rich-snippet-hidden\"><span class=\"fn\"><a title=\"entr\u00e9es d'administrateur\" href=\"https:\/\/webnova.casaros.es\/es\/author\/usuari_nmfqgn0d\/?v=86705f2ce7e9\" rel=\"author\"><span style=\"vertical-align: inherit;\"><span style=\"vertical-align: inherit;\">administrateur<\/span><\/span><\/a><\/span><\/span><span class=\"updated rich-snippet-hidden\"><span style=\"vertical-align: inherit;\"><span style=\"vertical-align: inherit;\">2024-02-23T11:50:14+01:00<\/span><\/span><\/span><\/p>\n<div class=\"post-content\">\n<div>\n<div>\n<h2 class=\"fusion-responsive-typography-calculated\" style=\"text-align: center; --fontsize: 50; line-height: 1.28;\" data-fontsize=\"50\" data-lineheight=\"64px\"><span style=\"vertical-align: inherit;\"><span style=\"vertical-align: inherit;\">EXP\u00c9DITION<\/span><\/span><\/h2>\n<\/div>\n<p><span style=\"vertical-align: inherit;\"><span style=\"vertical-align: inherit;\">Les exp\u00e9ditions sont effectu\u00e9es avec la soci\u00e9t\u00e9 de transport Sociedad Estado Correos y Telegrafos SA PME, avec le nom commercial CORREOS et l&rsquo;adresse fiscale Calle de Eduardo Barreiros, 3, 28041 Madrid (Madrid)<\/span><\/span><\/p>\n<\/div>\n<p><span style=\"vertical-align: inherit;\"><span style=\"vertical-align: inherit;\">P\u00e9ninsule, \u00celes Bal\u00e9ares et \u00celes Canaries : Prix : 4,00 \u20ac <\/span><\/span><br \/>\n<span style=\"vertical-align: inherit;\"><span style=\"vertical-align: inherit;\"><br \/>\nD\u00e9lai d&rsquo;exp\u00e9dition : \u00e0 partir de 72 heures ouvrables (selon le produit et la production) <\/span><\/span><br \/>\n<span style=\"vertical-align: inherit;\"><span style=\"vertical-align: inherit;\"><br \/>\nLivraison gratuite : \u00e0 partir de 200 \u20ac<\/span><\/span><\/p>\n<\/div>\n<div>\n<h3 class=\"fusion-responsive-typography-calculated\" style=\"--fontsize: 25; line-height: 1.36;\" data-fontsize=\"25\" data-lineheight=\"34px\"><b><span style=\"vertical-align: inherit;\"><span style=\"vertical-align: inherit;\">D\u00c9LAIS DE LIVRAISON<\/span><\/span><\/b><\/h3>\n<p><span style=\"vertical-align: inherit;\"><span style=\"vertical-align: inherit;\">Nous comprenons qu&rsquo;en tant que client vous attendez de recevoir votre commande dans les plus brefs d\u00e9lais, c&rsquo;est pourquoi nous nous effor\u00e7ons de livrer votre commande le plus rapidement possible avec des livraisons sous 48 heures ouvrables dans la P\u00e9ninsule. <\/span><span style=\"vertical-align: inherit;\">Sauf pour les Exp\u00e9riences qui seront livr\u00e9es instantan\u00e9ment apr\u00e8s accord des dates avec le mod\u00e9rateur du site. <\/span><span style=\"vertical-align: inherit;\">Afin de savoir quand votre commande est exp\u00e9di\u00e9e, nous vous recommandons de garder un \u0153il sur votre bo\u00eete email. <\/span><span style=\"vertical-align: inherit;\">Nous vous enverrons une confirmation d&rsquo;exp\u00e9dition de votre commande indiquant la date de livraison estim\u00e9e. <\/span><span style=\"vertical-align: inherit;\">Le week-end ou les jours f\u00e9ri\u00e9s, les exp\u00e9ditions seront trait\u00e9es le jour ouvrable suivant.<\/span><\/span><\/p>\n<\/div>\n<div>\n<h3 class=\"fusion-responsive-typography-calculated\" style=\"--fontsize: 25; line-height: 1.36;\" data-fontsize=\"25\" data-lineheight=\"34px\"><b><span style=\"vertical-align: inherit;\"><span style=\"vertical-align: inherit;\">Comment se d\u00e9roule l&rsquo;exp\u00e9dition et que dois-je faire si je me sens absent de chez moi le jour de la livraison ?<\/span><\/span><\/b><\/h3>\n<p><span style=\"vertical-align: inherit;\"><span style=\"vertical-align: inherit;\">Une premi\u00e8re livraison sera effectu\u00e9e \u00e0 l&rsquo;adresse de livraison indiqu\u00e9e et si vous \u00eates absent au moment de la livraison, le coursier tentera de laisser un avis de passage dans la bo\u00eete aux lettres. <\/span><span style=\"vertical-align: inherit;\">Il n&rsquo;est pas toujours possible de laisser un message, car parfois le coursier ne peut pas acc\u00e9der au portail ou au complexe d&rsquo;habitation. <\/span><span style=\"vertical-align: inherit;\">Apr\u00e8s cette premi\u00e8re tentative de livraison, la d\u00e9l\u00e9gation qui distribue votre secteur tentera de vous contacter pour organiser une seconde livraison. <\/span><span style=\"vertical-align: inherit;\">Si vous \u00eates \u00e9galement absent lors de la deuxi\u00e8me livraison, la commande restera en agence dans votre r\u00e9gion afin que vous puissiez la r\u00e9cup\u00e9rer en agence. <\/span><span style=\"vertical-align: inherit;\">Si, pour une raison quelconque, ils n&rsquo;ont pas pu vous contacter pour organiser la livraison,<\/span><\/span><\/p>\n<\/div>\n<div>\n<h3 class=\"fusion-responsive-typography-calculated\" style=\"--fontsize: 25; line-height: 1.36;\" data-fontsize=\"25\" data-lineheight=\"34px\"><b><span style=\"vertical-align: inherit;\"><span style=\"vertical-align: inherit;\">Comment puis-je suivre mon envoi ?<\/span><\/span><\/b><\/h3>\n<p><span style=\"vertical-align: inherit;\"><span style=\"vertical-align: inherit;\">Vous pouvez suivre votre exp\u00e9dition en utilisant le lien que vous trouverez dans l&rsquo;e-mail confirmant l&rsquo;exp\u00e9dition de votre commande.<\/span><\/span><\/p>\n<\/div>\n<div>\n<h3 class=\"fusion-responsive-typography-calculated\" style=\"--fontsize: 25; line-height: 1.36;\" data-fontsize=\"25\" data-lineheight=\"34px\"><b><span style=\"vertical-align: inherit;\"><span style=\"vertical-align: inherit;\">Puis-je recevoir ma commande dans le cr\u00e9neau horaire de mon choix ?<\/span><\/span><\/b><\/h3>\n<p><span style=\"vertical-align: inherit;\"><span style=\"vertical-align: inherit;\">Vous pouvez laisser vos pr\u00e9f\u00e9rences sur le d\u00e9lai de livraison dans l&rsquo;espace commentaires du transporteur que vous retrouverez avant de finaliser votre commande. <\/span><span style=\"vertical-align: inherit;\">M\u00eame si nous savons qu&rsquo;ils font tout leur possible pour livrer dans les d\u00e9lais impartis, il peut leur \u00eatre difficile de s&rsquo;y conformer selon l&rsquo;itin\u00e9raire du transporteur.<\/span><\/span><\/p>\n<\/div>\n<div>\n<h3 class=\"fusion-responsive-typography-calculated\" style=\"--fontsize: 25; line-height: 1.36;\" data-fontsize=\"25\" data-lineheight=\"34px\"><b><span style=\"vertical-align: inherit;\"><span style=\"vertical-align: inherit;\">Que se passe-t-il si mon adresse de livraison est incorrecte ?<\/span><\/span><\/b><\/h3>\n<p><span style=\"vertical-align: inherit;\"><span style=\"vertical-align: inherit;\">Nous vous recommandons de v\u00e9rifier l&rsquo;adresse indiqu\u00e9e avant de passer votre commande pour vous assurer que les informations sont correctes et compl\u00e8tes, car il n&rsquo;est pas possible de modifier l&rsquo;adresse une fois l&rsquo;envoi d\u00e9j\u00e0 effectu\u00e9 sans g\u00e9n\u00e9rer de frais de port suppl\u00e9mentaires. <\/span><span style=\"vertical-align: inherit;\">Si vous d\u00e9tectez des informations incorrectes, veuillez nous contacter d\u00e8s que possible \u00e0 <\/span><\/span><b><span style=\"vertical-align: inherit;\"><span style=\"vertical-align: inherit;\">info@casaros.es<\/span><\/span><\/b><span style=\"vertical-align: inherit;\"><span style=\"vertical-align: inherit;\"> . <\/span><span style=\"vertical-align: inherit;\">Cette gestion peut \u00e9galement augmenter le d\u00e9lai de livraison de 24 \u00e0 48 heures suppl\u00e9mentaires. <\/span><span style=\"vertical-align: inherit;\">N&rsquo;oubliez pas de v\u00e9rifier soigneusement tous les champs avant de finaliser la commande !<\/span><\/span><\/p>\n<\/div>\n<div>\n<h3 class=\"fusion-responsive-typography-calculated\" style=\"--fontsize: 25; line-height: 1.36;\" data-fontsize=\"25\" data-lineheight=\"34px\"><b><span style=\"vertical-align: inherit;\"><span style=\"vertical-align: inherit;\">Vacances<\/span><\/span><\/b><\/h3>\n<p><span style=\"vertical-align: inherit;\"><span style=\"vertical-align: inherit;\">Jours non ouvr\u00e9s dans notre centre logistique. <\/span><span style=\"vertical-align: inherit;\">Ces jours-ci, aucune commande n&rsquo;est pr\u00e9par\u00e9e, les commandes sont donc report\u00e9es au jour ouvrable suivant. <\/span><span style=\"vertical-align: inherit;\">Nous nous excusons pour les inconv\u00e9nients. <\/span><span style=\"vertical-align: inherit;\">Janvier : jours 1 et 6. Mai : jour 1. Juin : jour 24. <\/span><span style=\"vertical-align: inherit;\">Ao\u00fbt : 15 Octobre : 12 Novembre : 1er D\u00e9cembre : 6, 8, 25 et 26<\/span><\/span><\/p>\n<\/div>\n<div>\n<h3 class=\"fusion-responsive-typography-calculated\" style=\"--fontsize: 25; line-height: 1.36;\" data-fontsize=\"25\" data-lineheight=\"34px\"><b><span style=\"vertical-align: inherit;\"><span style=\"vertical-align: inherit;\">LIVRAISONS INTERNATIONALES<\/span><\/span><\/b><\/h3>\n<div>\n<h3 class=\"fusion-responsive-typography-calculated\" style=\"--fontsize: 25; line-height: 1.36;\" data-fontsize=\"25\" data-lineheight=\"34px\"><b><span style=\"vertical-align: inherit;\"><span style=\"vertical-align: inherit;\">Pour le moment, nous ne livrons pas en dehors de l\u2019Europe.<\/span><\/span><\/b><\/h3>\n<p>&nbsp;<\/p>\n<\/div>\n<p><b>\u00a0<\/b><\/p>\n<\/div>\n<p>&nbsp;<\/p>\n<div>\n<div>\n<h2 class=\"fusion-responsive-typography-calculated\" style=\"text-align: center; --fontsize: 50; line-height: 1.28;\" data-fontsize=\"50\" data-lineheight=\"64px\"><span style=\"vertical-align: inherit;\"><span style=\"vertical-align: inherit;\">RETOUR<\/span><\/span><\/h2>\n<\/div>\n<div>\n<p><span style=\"vertical-align: inherit;\"><span style=\"vertical-align: inherit;\">S\u2019agissant de produits alimentaires, les retours ne sont pas accept\u00e9s sauf dans le cas pr\u00e9cis\u00e9 ci-dessous :<\/span><\/span><\/p>\n<p><span style=\"vertical-align: inherit;\"><span style=\"vertical-align: inherit;\">1) Le produit est d\u00e9fectueux ou cass\u00e9 pendant le transport :<\/span><\/span><\/p>\n<ul>\n<li><span style=\"vertical-align: inherit;\"><span style=\"vertical-align: inherit;\">Si le produit est d\u00e9fectueux, l&rsquo;utilisateur peut le retourner dans les 24 heures suivant sa r\u00e9ception, <\/span><\/span><b><span style=\"vertical-align: inherit;\"><span style=\"vertical-align: inherit;\">Josep Mirada Cortasa<\/span><\/span><\/b><span style=\"vertical-align: inherit;\"><span style=\"vertical-align: inherit;\"> assumant les frais d&rsquo;exp\u00e9dition g\u00e9n\u00e9r\u00e9s par la livraison du produit et son retour. <\/span><\/span><b><span style=\"vertical-align: inherit;\"><span style=\"vertical-align: inherit;\">Josep Mirada Cortasa<\/span><\/span><\/b><span style=\"vertical-align: inherit;\"><span style=\"vertical-align: inherit;\"> proc\u00e9dera au renvoi du produit remplac\u00e9, sans frais suppl\u00e9mentaires pour le client. <\/span><span style=\"vertical-align: inherit;\">Il vous suffit de nous informer de votre incident \u00e0 <\/span><\/span><b><span style=\"vertical-align: inherit;\"><span style=\"vertical-align: inherit;\">info@casaros.es<\/span><\/span><\/b><span style=\"vertical-align: inherit;\"><span style=\"vertical-align: inherit;\"> en joignant une photographie du produit. <\/span><\/span><b><span style=\"vertical-align: inherit;\"><span style=\"vertical-align: inherit;\">Josep Mirada Cortasa<\/span><\/span><\/b><span style=\"vertical-align: inherit;\"><span style=\"vertical-align: inherit;\"> se r\u00e9serve le droit de demander plus d&rsquo;informations concernant le retour.<\/span><\/span><\/li>\n<li><span style=\"vertical-align: inherit;\"><span style=\"vertical-align: inherit;\">En cas de dommages importants et visibles caus\u00e9s \u00e0 l&#8217;emballage de la marchandise lors du transport, il est fortement recommand\u00e9 au client de noter les incidents sur le bon de livraison du transporteur (il est m\u00eame conseill\u00e9 de prendre une photo) et de nous en informer \u00e0 info@ <\/span><\/span><b><span style=\"vertical-align: inherit;\"><span style=\"vertical-align: inherit;\">casaros. .est<\/span><\/span><\/b><span style=\"vertical-align: inherit;\"><span style=\"vertical-align: inherit;\"> le plus t\u00f4t possible.<\/span><\/span><\/li>\n<\/ul>\n<\/div>\n<p><b><span style=\"vertical-align: inherit;\"><span style=\"vertical-align: inherit;\">Seul l&rsquo;utilisateur qui l&rsquo;a achet\u00e9 peut traiter le retour.<\/span><\/span><\/b><\/p>\n<\/div>\n<div>\n<h3 class=\"fusion-responsive-typography-calculated\" style=\"--fontsize: 25; line-height: 1.36;\" data-fontsize=\"25\" data-lineheight=\"34px\"><b><span style=\"vertical-align: inherit;\"><span style=\"vertical-align: inherit;\">GARANTIE G\u00c9N\u00c9RALE POUR TOUS LES PRODUITS<\/span><\/span><\/b><\/h3>\n<p><span style=\"vertical-align: inherit;\"><span style=\"vertical-align: inherit;\">Sauf preuve contraire, il sera entendu que les produits sont conformes au contrat pour autant qu\u2019ils r\u00e9pondent \u00e0 toutes les exigences exprim\u00e9es ci-dessous :<\/span><\/span><\/p>\n<ul>\n<li><span style=\"vertical-align: inherit;\"><span style=\"vertical-align: inherit;\">1.-Ils sont conformes \u00e0 la description faite par le vendeur et poss\u00e8dent les qualit\u00e9s du produit que le vendeur a pr\u00e9sent\u00e9 au consommateur et \u00e0 l&rsquo;utilisateur sur le site Internet.<\/span><\/span><\/li>\n<li><span style=\"vertical-align: inherit;\"><span style=\"vertical-align: inherit;\">2.-Ils sont adapt\u00e9s aux usages auxquels sont habituellement destin\u00e9s les produits du m\u00eame type.<\/span><\/span><\/li>\n<li><span style=\"vertical-align: inherit;\"><span style=\"vertical-align: inherit;\">3.-Ils pr\u00e9sentent la qualit\u00e9 et les performances habituelles d&rsquo;un produit du m\u00eame type que le consommateur et l&rsquo;utilisateur peuvent raisonnablement attendre, compte tenu de la nature du produit.<\/span><\/span><\/li>\n<\/ul>\n<\/div>\n<p>&nbsp;<\/p>\n<\/div>\n<p><b>\u00a0<\/b><\/p>\n<\/section>\n<\/div>\n","protected":false},"excerpt":{"rendered":"<p>Politique d&rsquo;exp\u00e9dition et de retouradministrateur2024-02-23T11:50:14+01:00 EXP\u00c9DITION Les exp\u00e9ditions sont effectu\u00e9es avec la soci\u00e9t\u00e9 de transport Sociedad Estado Correos y Telegrafos [&hellip;]<\/p>\n","protected":false},"author":1,"featured_media":0,"parent":0,"menu_order":0,"comment_status":"closed","ping_status":"closed","template":"","meta":{"footnotes":""},"class_list":["post-3302","page","type-page","status-publish","hentry"],"yoast_head":"<!-- This site is optimized with the Yoast SEO plugin v24.7 - https:\/\/yoast.com\/wordpress\/plugins\/seo\/ -->\n<title>Pol\u00edtica d&#039;enviaments i devolucions - Casa Ros<\/title>\n<meta name=\"robots\" content=\"index, follow, max-snippet:-1, max-image-preview:large, max-video-preview:-1\" \/>\n<link rel=\"canonical\" href=\"https:\/\/www.casaros.es\/reembolso_devoluciones\/\" \/>\n<meta property=\"og:locale\" content=\"fr_FR\" \/>\n<meta property=\"og:type\" content=\"article\" \/>\n<meta property=\"og:title\" content=\"Pol\u00edtica d&#039;enviaments i devolucions - Casa Ros\" \/>\n<meta property=\"og:description\" content=\"Politique d&rsquo;exp\u00e9dition et de retouradministrateur2024-02-23T11:50:14+01:00 EXP\u00c9DITION Les exp\u00e9ditions sont effectu\u00e9es avec la soci\u00e9t\u00e9 de transport Sociedad Estado Correos y Telegrafos [&hellip;]\" \/>\n<meta property=\"og:url\" content=\"https:\/\/www.casaros.es\/reembolso_devoluciones\/\" \/>\n<meta property=\"og:site_name\" content=\"Casa Ros\" \/>\n<meta property=\"article:modified_time\" content=\"2024-02-23T10:51:38+00:00\" \/>\n<meta name=\"twitter:card\" content=\"summary_large_image\" \/>\n<meta name=\"twitter:label1\" content=\"Dur\u00e9e de lecture estim\u00e9e\" \/>\n\t<meta name=\"twitter:data1\" content=\"5 minutes\" \/>\n<script type=\"application\/ld+json\" class=\"yoast-schema-graph\">{\"@context\":\"https:\/\/schema.org\",\"@graph\":[{\"@type\":\"WebPage\",\"@id\":\"https:\/\/www.casaros.es\/reembolso_devoluciones\/\",\"url\":\"https:\/\/www.casaros.es\/reembolso_devoluciones\/\",\"name\":\"Pol\u00edtica d'enviaments i devolucions - Casa Ros\",\"isPartOf\":{\"@id\":\"https:\/\/www.casaros.es\/es\/#website\"},\"datePublished\":\"2024-02-09T10:55:43+00:00\",\"dateModified\":\"2024-02-23T10:51:38+00:00\",\"breadcrumb\":{\"@id\":\"https:\/\/www.casaros.es\/reembolso_devoluciones\/#breadcrumb\"},\"inLanguage\":\"fr-FR\",\"potentialAction\":[{\"@type\":\"ReadAction\",\"target\":[\"https:\/\/www.casaros.es\/reembolso_devoluciones\/\"]}]},{\"@type\":\"BreadcrumbList\",\"@id\":\"https:\/\/www.casaros.es\/reembolso_devoluciones\/#breadcrumb\",\"itemListElement\":[{\"@type\":\"ListItem\",\"position\":1,\"name\":\"Inici\",\"item\":\"https:\/\/www.casaros.es\/fr\/\"},{\"@type\":\"ListItem\",\"position\":2,\"name\":\"Pol\u00edtica d&#8217;enviaments i devolucions\"}]},{\"@type\":\"WebSite\",\"@id\":\"https:\/\/www.casaros.es\/es\/#website\",\"url\":\"https:\/\/www.casaros.es\/es\/\",\"name\":\"Casa Ros\",\"description\":\"Fruits Secs\",\"potentialAction\":[{\"@type\":\"SearchAction\",\"target\":{\"@type\":\"EntryPoint\",\"urlTemplate\":\"https:\/\/www.casaros.es\/es\/?s={search_term_string}\"},\"query-input\":{\"@type\":\"PropertyValueSpecification\",\"valueRequired\":true,\"valueName\":\"search_term_string\"}}],\"inLanguage\":\"fr-FR\"}]}<\/script>\n<!-- \/ Yoast SEO plugin. -->","yoast_head_json":{"title":"Pol\u00edtica d'enviaments i devolucions - Casa Ros","robots":{"index":"index","follow":"follow","max-snippet":"max-snippet:-1","max-image-preview":"max-image-preview:large","max-video-preview":"max-video-preview:-1"},"canonical":"https:\/\/www.casaros.es\/reembolso_devoluciones\/","og_locale":"fr_FR","og_type":"article","og_title":"Pol\u00edtica d'enviaments i devolucions - Casa Ros","og_description":"Politique d&rsquo;exp\u00e9dition et de retouradministrateur2024-02-23T11:50:14+01:00 EXP\u00c9DITION Les exp\u00e9ditions sont effectu\u00e9es avec la soci\u00e9t\u00e9 de transport Sociedad Estado Correos y Telegrafos [&hellip;]","og_url":"https:\/\/www.casaros.es\/reembolso_devoluciones\/","og_site_name":"Casa Ros","article_modified_time":"2024-02-23T10:51:38+00:00","twitter_card":"summary_large_image","twitter_misc":{"Dur\u00e9e de lecture estim\u00e9e":"5 minutes"},"schema":{"@context":"https:\/\/schema.org","@graph":[{"@type":"WebPage","@id":"https:\/\/www.casaros.es\/reembolso_devoluciones\/","url":"https:\/\/www.casaros.es\/reembolso_devoluciones\/","name":"Pol\u00edtica d'enviaments i devolucions - Casa Ros","isPartOf":{"@id":"https:\/\/www.casaros.es\/es\/#website"},"datePublished":"2024-02-09T10:55:43+00:00","dateModified":"2024-02-23T10:51:38+00:00","breadcrumb":{"@id":"https:\/\/www.casaros.es\/reembolso_devoluciones\/#breadcrumb"},"inLanguage":"fr-FR","potentialAction":[{"@type":"ReadAction","target":["https:\/\/www.casaros.es\/reembolso_devoluciones\/"]}]},{"@type":"BreadcrumbList","@id":"https:\/\/www.casaros.es\/reembolso_devoluciones\/#breadcrumb","itemListElement":[{"@type":"ListItem","position":1,"name":"Inici","item":"https:\/\/www.casaros.es\/fr\/"},{"@type":"ListItem","position":2,"name":"Pol\u00edtica d&#8217;enviaments i devolucions"}]},{"@type":"WebSite","@id":"https:\/\/www.casaros.es\/es\/#website","url":"https:\/\/www.casaros.es\/es\/","name":"Casa Ros","description":"Fruits Secs","potentialAction":[{"@type":"SearchAction","target":{"@type":"EntryPoint","urlTemplate":"https:\/\/www.casaros.es\/es\/?s={search_term_string}"},"query-input":{"@type":"PropertyValueSpecification","valueRequired":true,"valueName":"search_term_string"}}],"inLanguage":"fr-FR"}]}},"_links":{"self":[{"href":"https:\/\/www.casaros.es\/fr\/wp-json\/wp\/v2\/pages\/3302","targetHints":{"allow":["GET"]}}],"collection":[{"href":"https:\/\/www.casaros.es\/fr\/wp-json\/wp\/v2\/pages"}],"about":[{"href":"https:\/\/www.casaros.es\/fr\/wp-json\/wp\/v2\/types\/page"}],"author":[{"embeddable":true,"href":"https:\/\/www.casaros.es\/fr\/wp-json\/wp\/v2\/users\/1"}],"replies":[{"embeddable":true,"href":"https:\/\/www.casaros.es\/fr\/wp-json\/wp\/v2\/comments?post=3302"}],"version-history":[{"count":2,"href":"https:\/\/www.casaros.es\/fr\/wp-json\/wp\/v2\/pages\/3302\/revisions"}],"predecessor-version":[{"id":3306,"href":"https:\/\/www.casaros.es\/fr\/wp-json\/wp\/v2\/pages\/3302\/revisions\/3306"}],"wp:attachment":[{"href":"https:\/\/www.casaros.es\/fr\/wp-json\/wp\/v2\/media?parent=3302"}],"curies":[{"name":"wp","href":"https:\/\/api.w.org\/{rel}","templated":true}]}}