{"id":3082,"date":"2024-02-07T12:33:28","date_gmt":"2024-02-07T11:33:28","guid":{"rendered":"https:\/\/webnova.casaros.es\/producto\/pistaches-grillees-et-salees\/"},"modified":"2024-03-07T11:38:23","modified_gmt":"2024-03-07T10:38:23","slug":"pistaches-grillees-et-salees","status":"publish","type":"product","link":"https:\/\/www.casaros.es\/fr\/producto\/pistaches-grillees-et-salees\/","title":{"rendered":"Pistaches grill\u00e9es et sal\u00e9es"},"content":{"rendered":"<h5>Ingr\u00e9dients<\/h5>\n<p>Pistaches, sel et acidulants<\/p>\n<p>&nbsp;<\/p>\n","protected":false},"excerpt":{"rendered":"[fusion_checklist icon=\"fusion-prefix-icon-bakery-angle-right-solid\" iconcolor=\"\" circle=\"\" circlecolor=\"\" size=\"14px\" divider=\"\" divider_color=\"\" hide_on_mobile=\"small-visibility,medium-visibility,large-visibility\" class=\"\" id=\"\"][fusion_li_item icon=\"\"]<span style=\"color: var(--awb-color5);\"><strong>Contient lactose<\/strong><\/span>[\/fusion_li_item][fusion_li_item icon=\"\"]<b>Contient du soja<\/b>  [\/fusion_li_item][fusion_li_item icon=\"\"]<b>Contient du s\u00e9same<\/b>  [\/fusion_li_item][fusion_li_item icon=\"\"]<b>Contient des sulfites<\/b>  [\/fusion_li_item] [fusion_li_item icon=\"\"]<span style=\"color: var(--awb-color5);\"><strong>Contient gluten<\/strong><\/span> &#8211; [\/fusion_li_item][fusion_li_item icon=\"\"]<strong>Produit v\u00e9g\u00e9tarien<\/strong>[\/fusion_li_item][fusion_li_item icon=\"\"]<b>Contient<\/b><strong>f<\/strong><span style=\"color: var(--awb-color5);\"><strong>ruits secs<\/strong><\/span>  [\/fusion_li_item] [\/fusion_checklist]\n","protected":false},"featured_media":3366,"comment_status":"open","ping_status":"closed","template":"","meta":[],"product_cat":[139,151],"product_tag":[],"class_list":{"0":"post-3082","1":"product","2":"type-product","3":"status-publish","4":"has-post-thumbnail","6":"product_cat-fruit-sec","7":"product_cat-pistaches","9":"first","10":"instock","11":"shipping-taxable","12":"purchasable","13":"product-type-variable"},"yoast_head":"<!-- This site is optimized with the Yoast SEO plugin v24.7 - https:\/\/yoast.com\/wordpress\/plugins\/seo\/ -->\n<title>Pistaches grill\u00e9es et sal\u00e9es - Casa Ros<\/title>\n<meta name=\"robots\" content=\"index, follow, max-snippet:-1, max-image-preview:large, max-video-preview:-1\" \/>\n<link rel=\"canonical\" href=\"https:\/\/www.casaros.es\/fr\/producto\/pistaches-grillees-et-salees\/\" \/>\n<meta property=\"og:locale\" content=\"fr_FR\" \/>\n<meta property=\"og:type\" content=\"article\" \/>\n<meta property=\"og:title\" content=\"Pistaches grill\u00e9es et sal\u00e9es - Casa Ros\" \/>\n<meta property=\"og:url\" content=\"https:\/\/www.casaros.es\/fr\/producto\/pistaches-grillees-et-salees\/\" \/>\n<meta property=\"og:site_name\" content=\"Casa Ros\" \/>\n<meta property=\"article:modified_time\" content=\"2024-03-07T10:38:23+00:00\" \/>\n<meta property=\"og:image\" content=\"https:\/\/www.casaros.es\/wp-content\/uploads\/2024\/02\/festucs-torrats-scaled-e1707306059504.png\" \/>\n\t<meta property=\"og:image:width\" content=\"1604\" \/>\n\t<meta property=\"og:image:height\" content=\"1914\" \/>\n\t<meta property=\"og:image:type\" content=\"image\/png\" \/>\n<meta name=\"twitter:card\" content=\"summary_large_image\" \/>\n<meta name=\"twitter:description\" content=\"[fusion_checklist icon=&quot;fusion-prefix-icon-bakery-angle-right-solid&quot; iconcolor=&quot;&quot; circle=&quot;&quot; circlecolor=&quot;&quot; size=&quot;14px&quot; divider=&quot;&quot; divider_color=&quot;&quot; hide_on_mobile=&quot;small-visibility,medium-visibility,large-visibility&quot; class=&quot;&quot; id=&quot;&quot;][fusion_li_item icon=&quot;&quot;]Contient lactose[\/fusion_li_item][fusion_li_item icon=&quot;&quot;]Contient du soja [\/fusion_li_item][fusion_li_item icon=&quot;&quot;]Contient du s\u00e9same [\/fusion_li_item][fusion_li_item icon=&quot;&quot;]Contient des sulfites [\/fusion_li_item] [fusion_li_item icon=&quot;&quot;]Contient gluten - [\/fusion_li_item][fusion_li_item icon=&quot;&quot;]Produit v\u00e9g\u00e9tarien[\/fusion_li_item][fusion_li_item icon=&quot;&quot;]Contientfruits secs [\/fusion_li_item] [\/fusion_checklist]\" \/>\n<script type=\"application\/ld+json\" class=\"yoast-schema-graph\">{\"@context\":\"https:\/\/schema.org\",\"@graph\":[{\"@type\":\"WebPage\",\"@id\":\"https:\/\/www.casaros.es\/fr\/producto\/pistaches-grillees-et-salees\/\",\"url\":\"https:\/\/www.casaros.es\/fr\/producto\/pistaches-grillees-et-salees\/\",\"name\":\"Pistaches grill\u00e9es et sal\u00e9es - Casa Ros\",\"isPartOf\":{\"@id\":\"https:\/\/www.casaros.es\/es\/#website\"},\"primaryImageOfPage\":{\"@id\":\"https:\/\/www.casaros.es\/fr\/producto\/pistaches-grillees-et-salees\/#primaryimage\"},\"image\":{\"@id\":\"https:\/\/www.casaros.es\/fr\/producto\/pistaches-grillees-et-salees\/#primaryimage\"},\"thumbnailUrl\":\"https:\/\/www.casaros.es\/wp-content\/uploads\/2024\/02\/festucs-torrats-scaled-e1707306059504.png\",\"datePublished\":\"2024-02-07T11:33:28+00:00\",\"dateModified\":\"2024-03-07T10:38:23+00:00\",\"breadcrumb\":{\"@id\":\"https:\/\/www.casaros.es\/fr\/producto\/pistaches-grillees-et-salees\/#breadcrumb\"},\"inLanguage\":\"fr-FR\",\"potentialAction\":[{\"@type\":\"ReadAction\",\"target\":[\"https:\/\/www.casaros.es\/fr\/producto\/pistaches-grillees-et-salees\/\"]}]},{\"@type\":\"ImageObject\",\"inLanguage\":\"fr-FR\",\"@id\":\"https:\/\/www.casaros.es\/fr\/producto\/pistaches-grillees-et-salees\/#primaryimage\",\"url\":\"https:\/\/www.casaros.es\/wp-content\/uploads\/2024\/02\/festucs-torrats-scaled-e1707306059504.png\",\"contentUrl\":\"https:\/\/www.casaros.es\/wp-content\/uploads\/2024\/02\/festucs-torrats-scaled-e1707306059504.png\",\"width\":1604,\"height\":1914},{\"@type\":\"BreadcrumbList\",\"@id\":\"https:\/\/www.casaros.es\/fr\/producto\/pistaches-grillees-et-salees\/#breadcrumb\",\"itemListElement\":[{\"@type\":\"ListItem\",\"position\":1,\"name\":\"Inici\",\"item\":\"https:\/\/www.casaros.es\/fr\/\"},{\"@type\":\"ListItem\",\"position\":2,\"name\":\"Boutique\",\"item\":\"https:\/\/www.casaros.es\/fr\/shop\/\"},{\"@type\":\"ListItem\",\"position\":3,\"name\":\"Pistaches grill\u00e9es et sal\u00e9es\"}]},{\"@type\":\"WebSite\",\"@id\":\"https:\/\/www.casaros.es\/es\/#website\",\"url\":\"https:\/\/www.casaros.es\/es\/\",\"name\":\"Casa Ros\",\"description\":\"Fruits Secs\",\"potentialAction\":[{\"@type\":\"SearchAction\",\"target\":{\"@type\":\"EntryPoint\",\"urlTemplate\":\"https:\/\/www.casaros.es\/es\/?s={search_term_string}\"},\"query-input\":{\"@type\":\"PropertyValueSpecification\",\"valueRequired\":true,\"valueName\":\"search_term_string\"}}],\"inLanguage\":\"fr-FR\"}]}<\/script>\n<!-- \/ Yoast SEO plugin. -->","yoast_head_json":{"title":"Pistaches grill\u00e9es et sal\u00e9es - Casa Ros","robots":{"index":"index","follow":"follow","max-snippet":"max-snippet:-1","max-image-preview":"max-image-preview:large","max-video-preview":"max-video-preview:-1"},"canonical":"https:\/\/www.casaros.es\/fr\/producto\/pistaches-grillees-et-salees\/","og_locale":"fr_FR","og_type":"article","og_title":"Pistaches grill\u00e9es et sal\u00e9es - Casa Ros","og_url":"https:\/\/www.casaros.es\/fr\/producto\/pistaches-grillees-et-salees\/","og_site_name":"Casa Ros","article_modified_time":"2024-03-07T10:38:23+00:00","og_image":[{"width":1604,"height":1914,"url":"https:\/\/www.casaros.es\/wp-content\/uploads\/2024\/02\/festucs-torrats-scaled-e1707306059504.png","type":"image\/png"}],"twitter_card":"summary_large_image","twitter_description":"[fusion_checklist icon=\"fusion-prefix-icon-bakery-angle-right-solid\" iconcolor=\"\" circle=\"\" circlecolor=\"\" size=\"14px\" divider=\"\" divider_color=\"\" hide_on_mobile=\"small-visibility,medium-visibility,large-visibility\" class=\"\" id=\"\"][fusion_li_item icon=\"\"]Contient lactose[\/fusion_li_item][fusion_li_item icon=\"\"]Contient du soja [\/fusion_li_item][fusion_li_item icon=\"\"]Contient du s\u00e9same [\/fusion_li_item][fusion_li_item icon=\"\"]Contient des sulfites [\/fusion_li_item] [fusion_li_item icon=\"\"]Contient gluten - [\/fusion_li_item][fusion_li_item icon=\"\"]Produit v\u00e9g\u00e9tarien[\/fusion_li_item][fusion_li_item icon=\"\"]Contientfruits secs [\/fusion_li_item] [\/fusion_checklist]","schema":{"@context":"https:\/\/schema.org","@graph":[{"@type":"WebPage","@id":"https:\/\/www.casaros.es\/fr\/producto\/pistaches-grillees-et-salees\/","url":"https:\/\/www.casaros.es\/fr\/producto\/pistaches-grillees-et-salees\/","name":"Pistaches grill\u00e9es et sal\u00e9es - Casa Ros","isPartOf":{"@id":"https:\/\/www.casaros.es\/es\/#website"},"primaryImageOfPage":{"@id":"https:\/\/www.casaros.es\/fr\/producto\/pistaches-grillees-et-salees\/#primaryimage"},"image":{"@id":"https:\/\/www.casaros.es\/fr\/producto\/pistaches-grillees-et-salees\/#primaryimage"},"thumbnailUrl":"https:\/\/www.casaros.es\/wp-content\/uploads\/2024\/02\/festucs-torrats-scaled-e1707306059504.png","datePublished":"2024-02-07T11:33:28+00:00","dateModified":"2024-03-07T10:38:23+00:00","breadcrumb":{"@id":"https:\/\/www.casaros.es\/fr\/producto\/pistaches-grillees-et-salees\/#breadcrumb"},"inLanguage":"fr-FR","potentialAction":[{"@type":"ReadAction","target":["https:\/\/www.casaros.es\/fr\/producto\/pistaches-grillees-et-salees\/"]}]},{"@type":"ImageObject","inLanguage":"fr-FR","@id":"https:\/\/www.casaros.es\/fr\/producto\/pistaches-grillees-et-salees\/#primaryimage","url":"https:\/\/www.casaros.es\/wp-content\/uploads\/2024\/02\/festucs-torrats-scaled-e1707306059504.png","contentUrl":"https:\/\/www.casaros.es\/wp-content\/uploads\/2024\/02\/festucs-torrats-scaled-e1707306059504.png","width":1604,"height":1914},{"@type":"BreadcrumbList","@id":"https:\/\/www.casaros.es\/fr\/producto\/pistaches-grillees-et-salees\/#breadcrumb","itemListElement":[{"@type":"ListItem","position":1,"name":"Inici","item":"https:\/\/www.casaros.es\/fr\/"},{"@type":"ListItem","position":2,"name":"Boutique","item":"https:\/\/www.casaros.es\/fr\/shop\/"},{"@type":"ListItem","position":3,"name":"Pistaches grill\u00e9es et sal\u00e9es"}]},{"@type":"WebSite","@id":"https:\/\/www.casaros.es\/es\/#website","url":"https:\/\/www.casaros.es\/es\/","name":"Casa Ros","description":"Fruits Secs","potentialAction":[{"@type":"SearchAction","target":{"@type":"EntryPoint","urlTemplate":"https:\/\/www.casaros.es\/es\/?s={search_term_string}"},"query-input":{"@type":"PropertyValueSpecification","valueRequired":true,"valueName":"search_term_string"}}],"inLanguage":"fr-FR"}]}},"_links":{"self":[{"href":"https:\/\/www.casaros.es\/fr\/wp-json\/wp\/v2\/product\/3082","targetHints":{"allow":["GET"]}}],"collection":[{"href":"https:\/\/www.casaros.es\/fr\/wp-json\/wp\/v2\/product"}],"about":[{"href":"https:\/\/www.casaros.es\/fr\/wp-json\/wp\/v2\/types\/product"}],"replies":[{"embeddable":true,"href":"https:\/\/www.casaros.es\/fr\/wp-json\/wp\/v2\/comments?post=3082"}],"wp:featuredmedia":[{"embeddable":true,"href":"https:\/\/www.casaros.es\/fr\/wp-json\/wp\/v2\/media\/3366"}],"wp:attachment":[{"href":"https:\/\/www.casaros.es\/fr\/wp-json\/wp\/v2\/media?parent=3082"}],"wp:term":[{"taxonomy":"product_cat","embeddable":true,"href":"https:\/\/www.casaros.es\/fr\/wp-json\/wp\/v2\/product_cat?post=3082"},{"taxonomy":"product_tag","embeddable":true,"href":"https:\/\/www.casaros.es\/fr\/wp-json\/wp\/v2\/product_tag?post=3082"}],"curies":[{"name":"wp","href":"https:\/\/api.w.org\/{rel}","templated":true}]}}